{"id":387,"date":"2022-04-03T03:01:03","date_gmt":"2022-04-03T01:01:03","guid":{"rendered":"https:\/\/mallorcaboatride.com\/?post_type=product&#038;p=387"},"modified":"2022-05-05T02:35:59","modified_gmt":"2022-05-05T00:35:59","slug":"experiencia-alcanada","status":"publish","type":"product","link":"https:\/\/mallorcaboatride.com\/index.php\/producto\/experiencia-alcanada\/","title":{"rendered":"Experiencia Alcanada"},"content":{"rendered":"\t\t<div data-elementor-type=\"wp-post\" data-elementor-id=\"387\" class=\"elementor elementor-387\">\n\t\t\t\t\t\t<section class=\"elementor-section elementor-top-section elementor-element elementor-element-d2311bd elementor-section-full_width elementor-section-height-default elementor-section-height-default\" data-id=\"d2311bd\" data-element_type=\"section\" data-e-type=\"section\">\n\t\t\t\t\t\t<div class=\"elementor-container elementor-column-gap-default\">\n\t\t\t\t\t<div class=\"elementor-column elementor-col-100 elementor-top-column elementor-element elementor-element-33cf094\" data-id=\"33cf094\" data-element_type=\"column\" data-e-type=\"column\">\n\t\t\t<div class=\"elementor-widget-wrap elementor-element-populated\">\n\t\t\t\t\t\t<div class=\"elementor-element elementor-element-e6276c0 elementor-widget elementor-widget-heading\" data-id=\"e6276c0\" data-element_type=\"widget\" data-e-type=\"widget\" data-widget_type=\"heading.default\">\n\t\t\t\t<div class=\"elementor-widget-container\">\n\t\t\t\t\t<h2 class=\"elementor-heading-title elementor-size-default\">\u00bfQu\u00e9 incluye la experiencia?<\/h2>\t\t\t\t<\/div>\n\t\t\t\t<\/div>\n\t\t\t\t\t<\/div>\n\t\t<\/div>\n\t\t\t\t\t<\/div>\n\t\t<\/section>\n\t\t\t\t<section class=\"elementor-section elementor-top-section elementor-element elementor-element-e1ccba6 elementor-section-boxed elementor-section-height-default elementor-section-height-default\" data-id=\"e1ccba6\" data-element_type=\"section\" data-e-type=\"section\">\n\t\t\t\t\t\t<div class=\"elementor-container elementor-column-gap-default\">\n\t\t\t\t\t<div class=\"elementor-column elementor-col-50 elementor-top-column elementor-element elementor-element-fddc13f\" data-id=\"fddc13f\" data-element_type=\"column\" data-e-type=\"column\">\n\t\t\t<div class=\"elementor-widget-wrap elementor-element-populated\">\n\t\t\t\t\t\t<div class=\"elementor-element elementor-element-13f9919 elementor-widget elementor-widget-text-editor\" data-id=\"13f9919\" data-element_type=\"widget\" data-e-type=\"widget\" data-widget_type=\"text-editor.default\">\n\t\t\t\t<div class=\"elementor-widget-container\">\n\t\t\t\t\t\t\t\t\t<p>En esta ocasi\u00f3n navegaremos por la costa de Alcanada, hasta llegar a su famoso islote, d\u00f3nde despu\u00e9s de ba\u00f1arte en sus aguas cristalinas, podr\u00e1s conquistar su faro construido en 1861.<\/p><p>La experiencia incluye men\u00fa degustaci\u00f3n con productos frescos, t\u00edpicos de les Illes Balears.<\/p><p>\u00a0<\/p><p>\u00a0<\/p>\t\t\t\t\t\t\t\t<\/div>\n\t\t\t\t<\/div>\n\t\t\t\t\t<\/div>\n\t\t<\/div>\n\t\t\t\t<div class=\"elementor-column elementor-col-50 elementor-top-column elementor-element elementor-element-4f4a7ca\" data-id=\"4f4a7ca\" data-element_type=\"column\" data-e-type=\"column\">\n\t\t\t<div class=\"elementor-widget-wrap elementor-element-populated\">\n\t\t\t\t\t\t<div class=\"elementor-element elementor-element-698f3a5 elementor-widget elementor-widget-text-editor\" data-id=\"698f3a5\" data-element_type=\"widget\" data-e-type=\"widget\" data-widget_type=\"text-editor.default\">\n\t\t\t\t<div class=\"elementor-widget-container\">\n\t\t\t\t\t\t\t\t\t<p><span style=\"background-color: var(--ast-global-color-5); color: var(--ast-global-color-3); font-family: -apple-system, BlinkMacSystemFont, 'Segoe UI', Roboto, Oxygen-Sans, Ubuntu, Cantarell, 'Helvetica Neue', sans-serif; font-style: inherit; font-weight: inherit;\">-Paddle surf<\/span><\/p><p>-Equipo snorkel<\/p><p>-Refrescos<\/p><p>-Degustaci\u00f3n productos artesanos<\/p><p>-Combustible<\/p><p>-Patr\u00f3n incluido<\/p><p>-Prism\u00e1ticos<\/p><p>-Seguro responsabilidad civil<\/p><p>-Duchas en puerto base<\/p>\t\t\t\t\t\t\t\t<\/div>\n\t\t\t\t<\/div>\n\t\t\t\t\t<\/div>\n\t\t<\/div>\n\t\t\t\t\t<\/div>\n\t\t<\/section>\n\t\t\t\t<\/div>\n\t\t","protected":false},"excerpt":{"rendered":"<p>\u00bfQu\u00e9 incluye la experiencia? En esta ocasi\u00f3n navegaremos por la costa de Alcanada, hasta llegar a su famoso islote, d\u00f3nde despu\u00e9s de ba\u00f1arte en sus aguas cristalinas, podr\u00e1s conquistar su faro construido en 1861. La experiencia incluye men\u00fa degustaci\u00f3n con productos frescos, t\u00edpicos de les Illes Balears. \u00a0 \u00a0 -Paddle surf -Equipo snorkel -Refrescos -Degustaci\u00f3n [&hellip;]<\/p>\n","protected":false},"featured_media":416,"comment_status":"open","ping_status":"closed","template":"","meta":{"site-sidebar-layout":"no-sidebar","site-content-layout":"page-builder","ast-site-content-layout":"default","site-content-style":"default","site-sidebar-style":"default","ast-global-header-display":"","ast-banner-title-visibility":"","ast-main-header-display":"","ast-hfb-above-header-display":"","ast-hfb-below-header-display":"","ast-hfb-mobile-header-display":"","site-post-title":"disabled","ast-breadcrumbs-content":"","ast-featured-img":"disabled","footer-sml-layout":"","ast-disable-related-posts":"","theme-transparent-header-meta":"default","adv-header-id-meta":"","stick-header-meta":"","header-above-stick-meta":"","header-main-stick-meta":"","header-below-stick-meta":"","astra-migrate-meta-layouts":"default","ast-page-background-enabled":"default","ast-page-background-meta":{"desktop":{"background-color":"var(--ast-global-color-4)","background-image":"","background-repeat":"repeat","background-position":"center center","background-size":"auto","background-attachment":"scroll","background-type":"","background-media":"","overlay-type":"","overlay-color":"","overlay-opacity":"","overlay-gradient":""},"tablet":{"background-color":"","background-image":"","background-repeat":"repeat","background-position":"center center","background-size":"auto","background-attachment":"scroll","background-type":"","background-media":"","overlay-type":"","overlay-color":"","overlay-opacity":"","overlay-gradient":""},"mobile":{"background-color":"","background-image":"","background-repeat":"repeat","background-position":"center center","background-size":"auto","background-attachment":"scroll","background-type":"","background-media":"","overlay-type":"","overlay-color":"","overlay-opacity":"","overlay-gradient":""}},"ast-content-background-meta":{"desktop":{"background-color":"var(--ast-global-color-5)","background-image":"","background-repeat":"repeat","background-position":"center center","background-size":"auto","background-attachment":"scroll","background-type":"","background-media":"","overlay-type":"","overlay-color":"","overlay-opacity":"","overlay-gradient":""},"tablet":{"background-color":"var(--ast-global-color-5)","background-image":"","background-repeat":"repeat","background-position":"center center","background-size":"auto","background-attachment":"scroll","background-type":"","background-media":"","overlay-type":"","overlay-color":"","overlay-opacity":"","overlay-gradient":""},"mobile":{"background-color":"var(--ast-global-color-5)","background-image":"","background-repeat":"repeat","background-position":"center center","background-size":"auto","background-attachment":"scroll","background-type":"","background-media":"","overlay-type":"","overlay-color":"","overlay-opacity":"","overlay-gradient":""}},"_mbp_gutenberg_autopost":false,"_kadence_starter_templates_imported_post":false},"product_brand":[],"product_cat":[18],"product_tag":[],"class_list":{"0":"post-387","1":"product","2":"type-product","3":"status-publish","4":"has-post-thumbnail","6":"product_cat-sin-categorizar","7":"desktop-align-left","8":"tablet-align-left","9":"mobile-align-left","11":"first","12":"instock","13":"virtual","14":"taxable","15":"product-type-simple"},"yoast_head":"<!-- This site is optimized with the Yoast SEO plugin v27.5 - https:\/\/yoast.com\/product\/yoast-seo-wordpress\/ -->\n<title>Experiencia Alcanada |<\/title>\n<meta name=\"robots\" content=\"index, follow, max-snippet:-1, max-image-preview:large, max-video-preview:-1\" \/>\n<link rel=\"canonical\" href=\"https:\/\/mallorcaboatride.com\/index.php\/producto\/experiencia-alcanada\/\" \/>\n<meta property=\"og:locale\" content=\"es_ES\" \/>\n<meta property=\"og:type\" content=\"article\" \/>\n<meta property=\"og:title\" content=\"Experiencia Alcanada |\" \/>\n<meta property=\"og:description\" content=\"\u00bfQu\u00e9 incluye la experiencia? En esta ocasi\u00f3n navegaremos por la costa de Alcanada, hasta llegar a su famoso islote, d\u00f3nde despu\u00e9s de ba\u00f1arte en sus aguas cristalinas, podr\u00e1s conquistar su faro construido en 1861. La experiencia incluye men\u00fa degustaci\u00f3n con productos frescos, t\u00edpicos de les Illes Balears. \u00a0 \u00a0 -Paddle surf -Equipo snorkel -Refrescos -Degustaci\u00f3n [&hellip;]\" \/>\n<meta property=\"og:url\" content=\"https:\/\/mallorcaboatride.com\/index.php\/producto\/experiencia-alcanada\/\" \/>\n<meta property=\"article:modified_time\" content=\"2022-05-05T00:35:59+00:00\" \/>\n<meta property=\"og:image\" content=\"https:\/\/mallorcaboatride.com\/wp-content\/uploads\/2022\/04\/pexels-jess-loiterton-4784477-scaled.jpg\" \/>\n\t<meta property=\"og:image:width\" content=\"2560\" \/>\n\t<meta property=\"og:image:height\" content=\"1706\" \/>\n\t<meta property=\"og:image:type\" content=\"image\/jpeg\" \/>\n<meta name=\"twitter:card\" content=\"summary_large_image\" \/>\n<script type=\"application\/ld+json\" class=\"yoast-schema-graph\">{\"@context\":\"https:\\\/\\\/schema.org\",\"@graph\":[{\"@type\":\"WebPage\",\"@id\":\"https:\\\/\\\/mallorcaboatride.com\\\/index.php\\\/producto\\\/experiencia-alcanada\\\/\",\"url\":\"https:\\\/\\\/mallorcaboatride.com\\\/index.php\\\/producto\\\/experiencia-alcanada\\\/\",\"name\":\"Experiencia Alcanada |\",\"isPartOf\":{\"@id\":\"https:\\\/\\\/mallorcaboatride.com\\\/#website\"},\"primaryImageOfPage\":{\"@id\":\"https:\\\/\\\/mallorcaboatride.com\\\/index.php\\\/producto\\\/experiencia-alcanada\\\/#primaryimage\"},\"image\":{\"@id\":\"https:\\\/\\\/mallorcaboatride.com\\\/index.php\\\/producto\\\/experiencia-alcanada\\\/#primaryimage\"},\"thumbnailUrl\":\"https:\\\/\\\/mallorcaboatride.com\\\/wp-content\\\/uploads\\\/2022\\\/04\\\/pexels-jess-loiterton-4784477-scaled.jpg\",\"datePublished\":\"2022-04-03T01:01:03+00:00\",\"dateModified\":\"2022-05-05T00:35:59+00:00\",\"breadcrumb\":{\"@id\":\"https:\\\/\\\/mallorcaboatride.com\\\/index.php\\\/producto\\\/experiencia-alcanada\\\/#breadcrumb\"},\"inLanguage\":\"es\",\"potentialAction\":[{\"@type\":\"ReadAction\",\"target\":[\"https:\\\/\\\/mallorcaboatride.com\\\/index.php\\\/producto\\\/experiencia-alcanada\\\/\"]}]},{\"@type\":\"ImageObject\",\"inLanguage\":\"es\",\"@id\":\"https:\\\/\\\/mallorcaboatride.com\\\/index.php\\\/producto\\\/experiencia-alcanada\\\/#primaryimage\",\"url\":\"https:\\\/\\\/mallorcaboatride.com\\\/wp-content\\\/uploads\\\/2022\\\/04\\\/pexels-jess-loiterton-4784477-scaled.jpg\",\"contentUrl\":\"https:\\\/\\\/mallorcaboatride.com\\\/wp-content\\\/uploads\\\/2022\\\/04\\\/pexels-jess-loiterton-4784477-scaled.jpg\",\"width\":2560,\"height\":1706},{\"@type\":\"BreadcrumbList\",\"@id\":\"https:\\\/\\\/mallorcaboatride.com\\\/index.php\\\/producto\\\/experiencia-alcanada\\\/#breadcrumb\",\"itemListElement\":[{\"@type\":\"ListItem\",\"position\":1,\"name\":\"Portada\",\"item\":\"https:\\\/\\\/mallorcaboatride.com\\\/\"},{\"@type\":\"ListItem\",\"position\":2,\"name\":\"Productos\",\"item\":\"https:\\\/\\\/mallorcaboatride.com\\\/index.php\\\/shop\\\/\"},{\"@type\":\"ListItem\",\"position\":3,\"name\":\"Experiencia Alcanada\"}]},{\"@type\":\"WebSite\",\"@id\":\"https:\\\/\\\/mallorcaboatride.com\\\/#website\",\"url\":\"https:\\\/\\\/mallorcaboatride.com\\\/\",\"name\":\"https:\\\/\\\/mallorcaboatride.com\",\"description\":\"Boat trips in Alcudia, Mallorca\",\"publisher\":{\"@id\":\"https:\\\/\\\/mallorcaboatride.com\\\/#organization\"},\"alternateName\":\"Mallorca Boat Ride\",\"potentialAction\":[{\"@type\":\"SearchAction\",\"target\":{\"@type\":\"EntryPoint\",\"urlTemplate\":\"https:\\\/\\\/mallorcaboatride.com\\\/?s={search_term_string}\"},\"query-input\":{\"@type\":\"PropertyValueSpecification\",\"valueRequired\":true,\"valueName\":\"search_term_string\"}}],\"inLanguage\":\"es\"},{\"@type\":\"Organization\",\"@id\":\"https:\\\/\\\/mallorcaboatride.com\\\/#organization\",\"name\":\"https:\\\/\\\/mallorcaboatride.com\",\"url\":\"https:\\\/\\\/mallorcaboatride.com\\\/\",\"logo\":{\"@type\":\"ImageObject\",\"inLanguage\":\"es\",\"@id\":\"https:\\\/\\\/mallorcaboatride.com\\\/#\\\/schema\\\/logo\\\/image\\\/\",\"url\":\"https:\\\/\\\/mallorcaboatride.com\\\/wp-content\\\/uploads\\\/2022\\\/05\\\/logo-bo-mbr.png\",\"contentUrl\":\"https:\\\/\\\/mallorcaboatride.com\\\/wp-content\\\/uploads\\\/2022\\\/05\\\/logo-bo-mbr.png\",\"width\":864,\"height\":864,\"caption\":\"https:\\\/\\\/mallorcaboatride.com\"},\"image\":{\"@id\":\"https:\\\/\\\/mallorcaboatride.com\\\/#\\\/schema\\\/logo\\\/image\\\/\"}}]}<\/script>\n<!-- \/ Yoast SEO plugin. -->","yoast_head_json":{"title":"Experiencia Alcanada |","robots":{"index":"index","follow":"follow","max-snippet":"max-snippet:-1","max-image-preview":"max-image-preview:large","max-video-preview":"max-video-preview:-1"},"canonical":"https:\/\/mallorcaboatride.com\/index.php\/producto\/experiencia-alcanada\/","og_locale":"es_ES","og_type":"article","og_title":"Experiencia Alcanada |","og_description":"\u00bfQu\u00e9 incluye la experiencia? En esta ocasi\u00f3n navegaremos por la costa de Alcanada, hasta llegar a su famoso islote, d\u00f3nde despu\u00e9s de ba\u00f1arte en sus aguas cristalinas, podr\u00e1s conquistar su faro construido en 1861. La experiencia incluye men\u00fa degustaci\u00f3n con productos frescos, t\u00edpicos de les Illes Balears. \u00a0 \u00a0 -Paddle surf -Equipo snorkel -Refrescos -Degustaci\u00f3n [&hellip;]","og_url":"https:\/\/mallorcaboatride.com\/index.php\/producto\/experiencia-alcanada\/","article_modified_time":"2022-05-05T00:35:59+00:00","og_image":[{"width":2560,"height":1706,"url":"https:\/\/mallorcaboatride.com\/wp-content\/uploads\/2022\/04\/pexels-jess-loiterton-4784477-scaled.jpg","type":"image\/jpeg"}],"twitter_card":"summary_large_image","schema":{"@context":"https:\/\/schema.org","@graph":[{"@type":"WebPage","@id":"https:\/\/mallorcaboatride.com\/index.php\/producto\/experiencia-alcanada\/","url":"https:\/\/mallorcaboatride.com\/index.php\/producto\/experiencia-alcanada\/","name":"Experiencia Alcanada |","isPartOf":{"@id":"https:\/\/mallorcaboatride.com\/#website"},"primaryImageOfPage":{"@id":"https:\/\/mallorcaboatride.com\/index.php\/producto\/experiencia-alcanada\/#primaryimage"},"image":{"@id":"https:\/\/mallorcaboatride.com\/index.php\/producto\/experiencia-alcanada\/#primaryimage"},"thumbnailUrl":"https:\/\/mallorcaboatride.com\/wp-content\/uploads\/2022\/04\/pexels-jess-loiterton-4784477-scaled.jpg","datePublished":"2022-04-03T01:01:03+00:00","dateModified":"2022-05-05T00:35:59+00:00","breadcrumb":{"@id":"https:\/\/mallorcaboatride.com\/index.php\/producto\/experiencia-alcanada\/#breadcrumb"},"inLanguage":"es","potentialAction":[{"@type":"ReadAction","target":["https:\/\/mallorcaboatride.com\/index.php\/producto\/experiencia-alcanada\/"]}]},{"@type":"ImageObject","inLanguage":"es","@id":"https:\/\/mallorcaboatride.com\/index.php\/producto\/experiencia-alcanada\/#primaryimage","url":"https:\/\/mallorcaboatride.com\/wp-content\/uploads\/2022\/04\/pexels-jess-loiterton-4784477-scaled.jpg","contentUrl":"https:\/\/mallorcaboatride.com\/wp-content\/uploads\/2022\/04\/pexels-jess-loiterton-4784477-scaled.jpg","width":2560,"height":1706},{"@type":"BreadcrumbList","@id":"https:\/\/mallorcaboatride.com\/index.php\/producto\/experiencia-alcanada\/#breadcrumb","itemListElement":[{"@type":"ListItem","position":1,"name":"Portada","item":"https:\/\/mallorcaboatride.com\/"},{"@type":"ListItem","position":2,"name":"Productos","item":"https:\/\/mallorcaboatride.com\/index.php\/shop\/"},{"@type":"ListItem","position":3,"name":"Experiencia Alcanada"}]},{"@type":"WebSite","@id":"https:\/\/mallorcaboatride.com\/#website","url":"https:\/\/mallorcaboatride.com\/","name":"https:\/\/mallorcaboatride.com","description":"Boat trips in Alcudia, Mallorca","publisher":{"@id":"https:\/\/mallorcaboatride.com\/#organization"},"alternateName":"Mallorca Boat Ride","potentialAction":[{"@type":"SearchAction","target":{"@type":"EntryPoint","urlTemplate":"https:\/\/mallorcaboatride.com\/?s={search_term_string}"},"query-input":{"@type":"PropertyValueSpecification","valueRequired":true,"valueName":"search_term_string"}}],"inLanguage":"es"},{"@type":"Organization","@id":"https:\/\/mallorcaboatride.com\/#organization","name":"https:\/\/mallorcaboatride.com","url":"https:\/\/mallorcaboatride.com\/","logo":{"@type":"ImageObject","inLanguage":"es","@id":"https:\/\/mallorcaboatride.com\/#\/schema\/logo\/image\/","url":"https:\/\/mallorcaboatride.com\/wp-content\/uploads\/2022\/05\/logo-bo-mbr.png","contentUrl":"https:\/\/mallorcaboatride.com\/wp-content\/uploads\/2022\/05\/logo-bo-mbr.png","width":864,"height":864,"caption":"https:\/\/mallorcaboatride.com"},"image":{"@id":"https:\/\/mallorcaboatride.com\/#\/schema\/logo\/image\/"}}]}},"_links":{"self":[{"href":"https:\/\/mallorcaboatride.com\/index.php\/wp-json\/wp\/v2\/product\/387","targetHints":{"allow":["GET"]}}],"collection":[{"href":"https:\/\/mallorcaboatride.com\/index.php\/wp-json\/wp\/v2\/product"}],"about":[{"href":"https:\/\/mallorcaboatride.com\/index.php\/wp-json\/wp\/v2\/types\/product"}],"replies":[{"embeddable":true,"href":"https:\/\/mallorcaboatride.com\/index.php\/wp-json\/wp\/v2\/comments?post=387"}],"version-history":[{"count":4,"href":"https:\/\/mallorcaboatride.com\/index.php\/wp-json\/wp\/v2\/product\/387\/revisions"}],"predecessor-version":[{"id":496,"href":"https:\/\/mallorcaboatride.com\/index.php\/wp-json\/wp\/v2\/product\/387\/revisions\/496"}],"wp:featuredmedia":[{"embeddable":true,"href":"https:\/\/mallorcaboatride.com\/index.php\/wp-json\/wp\/v2\/media\/416"}],"wp:attachment":[{"href":"https:\/\/mallorcaboatride.com\/index.php\/wp-json\/wp\/v2\/media?parent=387"}],"wp:term":[{"taxonomy":"product_brand","embeddable":true,"href":"https:\/\/mallorcaboatride.com\/index.php\/wp-json\/wp\/v2\/product_brand?post=387"},{"taxonomy":"product_cat","embeddable":true,"href":"https:\/\/mallorcaboatride.com\/index.php\/wp-json\/wp\/v2\/product_cat?post=387"},{"taxonomy":"product_tag","embeddable":true,"href":"https:\/\/mallorcaboatride.com\/index.php\/wp-json\/wp\/v2\/product_tag?post=387"}],"curies":[{"name":"wp","href":"https:\/\/api.w.org\/{rel}","templated":true}]}}